{"id":76,"date":"2013-06-29T19:58:17","date_gmt":"2013-06-29T19:58:17","guid":{"rendered":"http:\/\/www.pierorlando.it\/?p=76"},"modified":"2025-07-25T13:28:09","modified_gmt":"2025-07-25T11:28:09","slug":"linfa-materica-2","status":"publish","type":"page","link":"https:\/\/www.pierorlando.it\/?page_id=76","title":{"rendered":"Linfa Materica"},"content":{"rendered":"<p style=\"text-align: justify;\"><strong><span style=\"color: #008000;\">LINFA MATERICA<\/span><\/strong> nasce dall\u2019idea di offrire, attraverso la contaminazione diretta dell\u2019arte con la tecnica della pittura materica, una occasione di trasformazione, riqualificazione e valorizzazione dei ceppi di albero sparsi, quasi abbandonati a se stessi, per le strade della citt\u00e0 di Roma Capitale, di modo che la contaminazione dell\u2019arte materica possa diffondersi all\u2019esterno degli spazi chiusi, pubblici o privati che siano, per liberarsi attraverso la rete viaria della Citt\u00e0 nei luoghi di maggiore aggregazione sociale e cos\u00ec contribuire alla trasformazione e riqualificazione dal basso della Citt\u00e0.<\/p>\n<p><span style=\"color: #ffffff;\">.<\/span><\/p>\n<div  id=\"jtg-3601\" class=\"modula modula-gallery modula-columns\" data-config=\"{&quot;tabletHeight&quot;:800,&quot;mobileHeight&quot;:800,&quot;desktopHeight&quot;:800,&quot;enableTwitter&quot;:false,&quot;enableWhatsapp&quot;:false,&quot;enableFacebook&quot;:false,&quot;enablePinterest&quot;:false,&quot;enableLinkedin&quot;:false,&quot;enableEmail&quot;:false,&quot;randomFactor&quot;:0.5,&quot;type&quot;:&quot;grid&quot;,&quot;columns&quot;:12,&quot;gutter&quot;:10,&quot;mobileGutter&quot;:10,&quot;tabletGutter&quot;:10,&quot;desktopGutter&quot;:10,&quot;enableResponsive&quot;:&quot;0&quot;,&quot;tabletColumns&quot;:2,&quot;mobileColumns&quot;:1,&quot;lazyLoad&quot;:0,&quot;lightboxOpts&quot;:{&quot;animated&quot;:true,&quot;Thumbs&quot;:{&quot;type&quot;:&quot;modern&quot;,&quot;showOnStart&quot;:false},&quot;Toolbar&quot;:{&quot;display&quot;:{&quot;right&quot;:[&quot;close&quot;]},&quot;enabled&quot;:true},&quot;Carousel&quot;:{&quot;Panzoom&quot;:{&quot;touch&quot;:true},&quot;infinite&quot;:false},&quot;keyboard&quot;:{&quot;Escape&quot;:&quot;close&quot;,&quot;Delete&quot;:&quot;close&quot;,&quot;Backspace&quot;:&quot;close&quot;,&quot;PageUp&quot;:false,&quot;PageDown&quot;:false,&quot;ArrowUp&quot;:false,&quot;ArrowDown&quot;:false,&quot;ArrowRight&quot;:false,&quot;ArrowLeft&quot;:false},&quot;touch&quot;:false,&quot;backdropClick&quot;:false,&quot;l10n&quot;:{&quot;CLOSE&quot;:&quot;Close&quot;,&quot;NEXT&quot;:&quot;Next&quot;,&quot;PREV&quot;:&quot;Previous&quot;,&quot;Error&quot;:&quot;The requested content cannot be loaded. Please try again later.&quot;,&quot;PLAY_START&quot;:&quot;Start slideshow&quot;,&quot;PLAY_STOP&quot;:&quot;Pause slideshow&quot;,&quot;FULL_SCREEN&quot;:&quot;Full screen&quot;,&quot;THUMBS&quot;:&quot;Thumbnails&quot;,&quot;DOWNLOAD&quot;:&quot;Download&quot;,&quot;SHARE&quot;:&quot;Share&quot;,&quot;ZOOM&quot;:&quot;Zoom&quot;,&quot;EMAIL&quot;:&quot;Here is the link to the image : %%image_link%% and this is the link to the gallery : %%gallery_link%%&quot;,&quot;MODAL&quot;:&quot;You can close this modal content with the ESC key&quot;,&quot;ERROR&quot;:&quot;Something Went Wrong, Please Try Again Later&quot;,&quot;IMAGE_ERROR&quot;:&quot;Image Not Found&quot;,&quot;ELEMENT_NOT_FOUND&quot;:&quot;HTML Element Not Found&quot;,&quot;AJAX_NOT_FOUND&quot;:&quot;Error Loading AJAX : Not Found&quot;,&quot;AJAX_FORBIDDEN&quot;:&quot;Error Loading AJAX : Forbidden&quot;,&quot;IFRAME_ERROR&quot;:&quot;Error Loading Page&quot;,&quot;TOGGLE_ZOOM&quot;:&quot;Toggle zoom level&quot;,&quot;TOGGLE_THUMBS&quot;:&quot;Toggle thumbnails&quot;,&quot;TOGGLE_SLIDESHOW&quot;:&quot;Toggle slideshow&quot;,&quot;TOGGLE_FULLSCREEN&quot;:&quot;Toggle full-screen mode&quot;},&quot;Images&quot;:{&quot;Panzoom&quot;:{&quot;maxScale&quot;:2}},&quot;mainClass&quot;:&quot;modula-fancybox-container modula-lightbox-jtg-3601&quot;,&quot;Html&quot;:{&quot;videoAutoplay&quot;:0,&quot;videoTpl&quot;:&quot;&lt;video class=\\&quot;fancybox__html5video\\&quot; controls muted playsinline controlsList controlsList=\\&quot;nodownload\\&quot; poster=\\&quot;{{poster}}\\&quot; src=\\&quot;{{src}}\\&quot; type=\\&quot;{{format}}\\&quot; &gt;  Sorry, your browser doesn&#039;t support embedded videos, &lt;a href=\\&quot;{{src}}\\&quot;&gt; download &lt;\\\/a&gt; and watch with your favorite video player! &lt;\\\/video&gt;&quot;}},&quot;inView&quot;:false,&quot;email_subject&quot;:&quot;Check out this awesome image !!&quot;,&quot;email_message&quot;:&quot;Here is the link to the image : %%image_link%% and this is the link to the gallery : %%gallery_link%%&quot;,&quot;grid_type&quot;:&quot;automatic&quot;,&quot;rowHeight&quot;:250,&quot;lastRow&quot;:&quot;justify&quot;,&quot;lightbox&quot;:&quot;fancybox&quot;}\">\n\n\t\n\t<div  class=\"modula-items grid-gallery\">\n\t\t<div class=\"modula-item effect-pufrobo\" >\n\t<div class=\"modula-item-overlay\"><\/div>\n\n\t<div class=\"modula-item-content\">\n\n\t\t<a data-image-id=\"108\" role=\"button\" tabindex=\"0\" rel=\"jtg-3601\" data-caption=\"\" aria-label=\"Open image in lightbox\" class=\"tile-inner modula-item-link\"><\/a><img loading=\"lazy\" decoding=\"async\" class=\"pic wp-image-108\"  data-valign=\"middle\" data-halign=\"center\" alt=\"\" data-full=\"https:\/\/www.pierorlando.it\/wp-content\/uploads\/2013\/06\/Acquamarina31.jpg\" title=\"Acquamarina31\" crop=\"\" width=\"300\" height=\"225\" src=\"https:\/\/www.pierorlando.it\/wp-content\/uploads\/2013\/06\/Acquamarina31-300x225.jpg\" data-src=\"https:\/\/www.pierorlando.it\/wp-content\/uploads\/2013\/06\/Acquamarina31-300x225.jpg\" data-caption=\"\" srcset=\"https:\/\/www.pierorlando.it\/wp-content\/uploads\/2013\/06\/Acquamarina31.jpg 600w, https:\/\/www.pierorlando.it\/wp-content\/uploads\/2013\/06\/Acquamarina31-300x225.jpg 300w\" sizes=\"auto, (max-width: 300px) 100vw, 300px\" \/>\n\t\t<div class=\"figc no-description\">\n\t\t\t<div class=\"figc-inner\">\n\t\t\t\t\t\t\t\t\t\t\t\t\t\t\t<\/div>\n\t\t<\/div>\n\n\t<\/div>\n\n<\/div><div class=\"modula-item effect-pufrobo\" >\n\t<div class=\"modula-item-overlay\"><\/div>\n\n\t<div class=\"modula-item-content\">\n\n\t\t<a data-image-id=\"104\" role=\"button\" tabindex=\"0\" rel=\"jtg-3601\" data-caption=\"\" aria-label=\"Open image in lightbox\" class=\"tile-inner modula-item-link\"><\/a><img loading=\"lazy\" decoding=\"async\" class=\"pic wp-image-104\"  data-valign=\"middle\" data-halign=\"center\" alt=\"\" data-full=\"https:\/\/www.pierorlando.it\/wp-content\/uploads\/2013\/06\/IMG_0065.jpg\" title=\"IMG_0065\" crop=\"\" width=\"168\" height=\"300\" src=\"https:\/\/www.pierorlando.it\/wp-content\/uploads\/2013\/06\/IMG_0065-168x300.jpg\" data-src=\"https:\/\/www.pierorlando.it\/wp-content\/uploads\/2013\/06\/IMG_0065-168x300.jpg\" data-caption=\"\" srcset=\"https:\/\/www.pierorlando.it\/wp-content\/uploads\/2013\/06\/IMG_0065.jpg 281w, https:\/\/www.pierorlando.it\/wp-content\/uploads\/2013\/06\/IMG_0065-168x300.jpg 168w\" sizes=\"auto, (max-width: 168px) 100vw, 168px\" \/>\n\t\t<div class=\"figc no-description\">\n\t\t\t<div class=\"figc-inner\">\n\t\t\t\t\t\t\t\t\t\t\t\t\t\t\t<\/div>\n\t\t<\/div>\n\n\t<\/div>\n\n<\/div><div class=\"modula-item effect-pufrobo\" >\n\t<div class=\"modula-item-overlay\"><\/div>\n\n\t<div class=\"modula-item-content\">\n\n\t\t<a data-image-id=\"105\" role=\"button\" tabindex=\"0\" rel=\"jtg-3601\" data-caption=\"\" aria-label=\"Open image in lightbox\" class=\"tile-inner modula-item-link\"><\/a><img loading=\"lazy\" decoding=\"async\" class=\"pic wp-image-105\"  data-valign=\"middle\" data-halign=\"center\" alt=\"\" data-full=\"https:\/\/www.pierorlando.it\/wp-content\/uploads\/2013\/06\/IMG_0107.jpg\" title=\"IMG_0107\" crop=\"\" width=\"168\" height=\"300\" src=\"https:\/\/www.pierorlando.it\/wp-content\/uploads\/2013\/06\/IMG_0107-168x300.jpg\" data-src=\"https:\/\/www.pierorlando.it\/wp-content\/uploads\/2013\/06\/IMG_0107-168x300.jpg\" data-caption=\"\" srcset=\"https:\/\/www.pierorlando.it\/wp-content\/uploads\/2013\/06\/IMG_0107.jpg 281w, https:\/\/www.pierorlando.it\/wp-content\/uploads\/2013\/06\/IMG_0107-168x300.jpg 168w\" sizes=\"auto, (max-width: 168px) 100vw, 168px\" \/>\n\t\t<div class=\"figc no-description\">\n\t\t\t<div class=\"figc-inner\">\n\t\t\t\t\t\t\t\t\t\t\t\t\t\t\t<\/div>\n\t\t<\/div>\n\n\t<\/div>\n\n<\/div><div class=\"modula-item effect-pufrobo\" >\n\t<div class=\"modula-item-overlay\"><\/div>\n\n\t<div class=\"modula-item-content\">\n\n\t\t<a data-image-id=\"106\" role=\"button\" tabindex=\"0\" rel=\"jtg-3601\" data-caption=\"Cristalli materici\" aria-label=\"Open image in lightbox\" class=\"tile-inner modula-item-link\"><\/a><img loading=\"lazy\" decoding=\"async\" class=\"pic wp-image-106\"  data-valign=\"middle\" data-halign=\"center\" alt=\"\" data-full=\"https:\/\/www.pierorlando.it\/wp-content\/uploads\/2013\/06\/IMG_0133.jpg\" title=\"IMG_0133\" crop=\"\" width=\"168\" height=\"300\" src=\"https:\/\/www.pierorlando.it\/wp-content\/uploads\/2013\/06\/IMG_0133-168x300.jpg\" data-src=\"https:\/\/www.pierorlando.it\/wp-content\/uploads\/2013\/06\/IMG_0133-168x300.jpg\" data-caption=\"Cristalli materici\" srcset=\"https:\/\/www.pierorlando.it\/wp-content\/uploads\/2013\/06\/IMG_0133.jpg 281w, https:\/\/www.pierorlando.it\/wp-content\/uploads\/2013\/06\/IMG_0133-168x300.jpg 168w\" sizes=\"auto, (max-width: 168px) 100vw, 168px\" \/>\n\t\t<div class=\"figc\">\n\t\t\t<div class=\"figc-inner\">\n\t\t\t\t\t\t\t\t\t\t\t\t\t<div class=\"jtg-description\">Cristalli materici<\/div>\n\t\t\t\t\t\t\t\t\t\t\t<\/div>\n\t\t<\/div>\n\n\t<\/div>\n\n<\/div><div class=\"modula-item effect-pufrobo\" >\n\t<div class=\"modula-item-overlay\"><\/div>\n\n\t<div class=\"modula-item-content\">\n\n\t\t<a data-image-id=\"107\" role=\"button\" tabindex=\"0\" rel=\"jtg-3601\" data-caption=\"\" aria-label=\"Open image in lightbox\" class=\"tile-inner modula-item-link\"><\/a><img loading=\"lazy\" decoding=\"async\" class=\"pic wp-image-107\"  data-valign=\"middle\" data-halign=\"center\" alt=\"\" data-full=\"https:\/\/www.pierorlando.it\/wp-content\/uploads\/2013\/06\/IMG_0119.jpg\" title=\"IMG_0119\" crop=\"\" width=\"168\" height=\"300\" src=\"https:\/\/www.pierorlando.it\/wp-content\/uploads\/2013\/06\/IMG_0119-168x300.jpg\" data-src=\"https:\/\/www.pierorlando.it\/wp-content\/uploads\/2013\/06\/IMG_0119-168x300.jpg\" data-caption=\"\" srcset=\"https:\/\/www.pierorlando.it\/wp-content\/uploads\/2013\/06\/IMG_0119.jpg 281w, https:\/\/www.pierorlando.it\/wp-content\/uploads\/2013\/06\/IMG_0119-168x300.jpg 168w\" sizes=\"auto, (max-width: 168px) 100vw, 168px\" \/>\n\t\t<div class=\"figc no-description\">\n\t\t\t<div class=\"figc-inner\">\n\t\t\t\t\t\t\t\t\t\t\t\t\t\t\t<\/div>\n\t\t<\/div>\n\n\t<\/div>\n\n<\/div><div class=\"modula-item effect-pufrobo\" >\n\t<div class=\"modula-item-overlay\"><\/div>\n\n\t<div class=\"modula-item-content\">\n\n\t\t<a data-image-id=\"1491\" role=\"button\" tabindex=\"0\" rel=\"jtg-3601\" data-caption=\"\" aria-label=\"Open image in lightbox\" class=\"tile-inner modula-item-link\"><\/a><img loading=\"lazy\" decoding=\"async\" class=\"pic wp-image-1491\"  data-valign=\"middle\" data-halign=\"center\" alt=\"\" data-full=\"https:\/\/www.pierorlando.it\/wp-content\/uploads\/2014\/12\/IMG_0343.jpg\" title=\"IMG_0343\" crop=\"\" width=\"225\" height=\"300\" src=\"https:\/\/www.pierorlando.it\/wp-content\/uploads\/2014\/12\/IMG_0343-225x300.jpg\" data-src=\"https:\/\/www.pierorlando.it\/wp-content\/uploads\/2014\/12\/IMG_0343-225x300.jpg\" data-caption=\"\" srcset=\"https:\/\/www.pierorlando.it\/wp-content\/uploads\/2014\/12\/IMG_0343.jpg 720w, https:\/\/www.pierorlando.it\/wp-content\/uploads\/2014\/12\/IMG_0343-225x300.jpg 225w\" sizes=\"auto, (max-width: 225px) 100vw, 225px\" \/>\n\t\t<div class=\"figc no-description\">\n\t\t\t<div class=\"figc-inner\">\n\t\t\t\t\t\t\t\t\t\t\t\t\t\t\t<\/div>\n\t\t<\/div>\n\n\t<\/div>\n\n<\/div><div class=\"modula-item effect-pufrobo\" >\n\t<div class=\"modula-item-overlay\"><\/div>\n\n\t<div class=\"modula-item-content\">\n\n\t\t<a data-image-id=\"1494\" role=\"button\" tabindex=\"0\" rel=\"jtg-3601\" data-caption=\"\" aria-label=\"Open image in lightbox\" class=\"tile-inner modula-item-link\"><\/a><img loading=\"lazy\" decoding=\"async\" class=\"pic wp-image-1494\"  data-valign=\"middle\" data-halign=\"center\" alt=\"\" data-full=\"https:\/\/www.pierorlando.it\/wp-content\/uploads\/2014\/12\/IMG_0341.jpg\" title=\"IMG_0341\" crop=\"\" width=\"225\" height=\"300\" src=\"https:\/\/www.pierorlando.it\/wp-content\/uploads\/2014\/12\/IMG_0341-225x300.jpg\" data-src=\"https:\/\/www.pierorlando.it\/wp-content\/uploads\/2014\/12\/IMG_0341-225x300.jpg\" data-caption=\"\" srcset=\"https:\/\/www.pierorlando.it\/wp-content\/uploads\/2014\/12\/IMG_0341.jpg 720w, https:\/\/www.pierorlando.it\/wp-content\/uploads\/2014\/12\/IMG_0341-225x300.jpg 225w\" sizes=\"auto, (max-width: 225px) 100vw, 225px\" \/>\n\t\t<div class=\"figc no-description\">\n\t\t\t<div class=\"figc-inner\">\n\t\t\t\t\t\t\t\t\t\t\t\t\t\t\t<\/div>\n\t\t<\/div>\n\n\t<\/div>\n\n<\/div><div class=\"modula-item effect-pufrobo\" >\n\t<div class=\"modula-item-overlay\"><\/div>\n\n\t<div class=\"modula-item-content\">\n\n\t\t<a data-image-id=\"1492\" role=\"button\" tabindex=\"0\" rel=\"jtg-3601\" data-caption=\"\" aria-label=\"Open image in lightbox\" class=\"tile-inner modula-item-link\"><\/a><img loading=\"lazy\" decoding=\"async\" class=\"pic wp-image-1492\"  data-valign=\"middle\" data-halign=\"center\" alt=\"\" data-full=\"https:\/\/www.pierorlando.it\/wp-content\/uploads\/2014\/12\/IMG_0202.jpg\" title=\"IMG_0202\" crop=\"\" width=\"300\" height=\"168\" src=\"https:\/\/www.pierorlando.it\/wp-content\/uploads\/2014\/12\/IMG_0202-300x168.jpg\" data-src=\"https:\/\/www.pierorlando.it\/wp-content\/uploads\/2014\/12\/IMG_0202-300x168.jpg\" data-caption=\"\" srcset=\"https:\/\/www.pierorlando.it\/wp-content\/uploads\/2014\/12\/IMG_0202.jpg 1000w, https:\/\/www.pierorlando.it\/wp-content\/uploads\/2014\/12\/IMG_0202-300x168.jpg 300w\" sizes=\"auto, (max-width: 300px) 100vw, 300px\" \/>\n\t\t<div class=\"figc no-description\">\n\t\t\t<div class=\"figc-inner\">\n\t\t\t\t\t\t\t\t\t\t\t\t\t\t\t<\/div>\n\t\t<\/div>\n\n\t<\/div>\n\n<\/div><div class=\"modula-item effect-pufrobo\" >\n\t<div class=\"modula-item-overlay\"><\/div>\n\n\t<div class=\"modula-item-content\">\n\n\t\t<a data-image-id=\"1493\" role=\"button\" tabindex=\"0\" rel=\"jtg-3601\" data-caption=\"\" aria-label=\"Open image in lightbox\" class=\"tile-inner modula-item-link\"><\/a><img loading=\"lazy\" decoding=\"async\" class=\"pic wp-image-1493\"  data-valign=\"middle\" data-halign=\"center\" alt=\"\" data-full=\"https:\/\/www.pierorlando.it\/wp-content\/uploads\/2014\/12\/IMG_0163.jpg\" title=\"IMG_0163\" crop=\"\" width=\"300\" height=\"168\" src=\"https:\/\/www.pierorlando.it\/wp-content\/uploads\/2014\/12\/IMG_0163-300x168.jpg\" data-src=\"https:\/\/www.pierorlando.it\/wp-content\/uploads\/2014\/12\/IMG_0163-300x168.jpg\" data-caption=\"\" srcset=\"https:\/\/www.pierorlando.it\/wp-content\/uploads\/2014\/12\/IMG_0163.jpg 1000w, https:\/\/www.pierorlando.it\/wp-content\/uploads\/2014\/12\/IMG_0163-300x168.jpg 300w\" sizes=\"auto, (max-width: 300px) 100vw, 300px\" \/>\n\t\t<div class=\"figc no-description\">\n\t\t\t<div class=\"figc-inner\">\n\t\t\t\t\t\t\t\t\t\t\t\t\t\t\t<\/div>\n\t\t<\/div>\n\n\t<\/div>\n\n<\/div>\t\t\n\t<\/div>\n\n\t\n\t\n\t<script type=\"application\/ld+json\">\n\t{\n\t\t\"@context\": \"http:\/\/schema.org\",\n\t\t\"@type\"   : \"ImageGallery\",\n\t\t\"id\"      : \"https:\/\/www.pierorlando.it\/?page_id=76\/\",\n\t\t\"url\"     : \"https:\/\/www.pierorlando.it\/?page_id=76\/\"\n\t}\n\n\t<\/script>\n\n\t\n<\/div>\n\n<p><span style=\"color: #ffffff;\">.<\/span><\/p>\n<p><span style=\"color: #ffffff;\">.<\/span><\/p>\n<p style=\"text-align: justify;\">Il ceppo \u00e8 il piede dell\u2019albero da cui sorge il tronco e da cui si diramano le radici, \u00e8 l\u2019origine e il principio della famiglia, elemento fondante della sfera sociale, \u00e8 il ceppo della prigionia del degrado. Il ceppo tagliato dell\u2019albero, privato dei suoi rami e delle sue fronde, come l\u2019uomo privato delle sue idee e delle sue aspirazioni, ridotto ad un moncone divenuto sterile, abbandonato, che ha perduto la sua funzione (anche estetica e decorativa), \u00e8 solo in attesa di essere notato, curato, trasformato e reintegrato nella sfera sociale.<\/p>\n<p>Il ceppo in tal modo si rigenera e crea una nuova vita, un nuovo pensiero, un nuovo modo di vedere e di vivere la Citt\u00e0 che lo circonda. Si libera ed esplode invadendo con le sue nuove sembianze i marciapiedi e le strade di interi quartieri.<\/p>\n<p style=\"text-align: justify;\">E proprio come il virus si diffonde, attraverso il contagio, in una ramificazione epidemica difficile da contenere, cos\u00ec l\u2019istallazione LINFA MATERICA rappresenta la linfa vitale dell\u2019ispirazione artistica che riemerge dal terreno attraverso l\u2019apparato radicale si insinua nel ceppo, ormai morto e abbandonato al degrado e sopraffatto dall\u2019inquinamento, trasforma e rigenera il legno morto del ceppo per la riconquista del bello, mutandolo, nella piena libert\u00e0 di pensiero e di forma, in una improvvisa e repentina metamorfosi, affascinante e incontrollata, in cristalli materici di legno vivo, che per\u00f2 una volta maturi cominciano di nuovo a colorarsi di smog.<\/p>\n<p><a href=\"http:\/\/www.meridiananotizie.it\/2013\/05\/cultura\/ii-municipio-da-ceppo-dalbero-ad-opera-darte-grazie-alla-linfa-materica-di-piero-orlando-video\/\">II Municipio, da ceppo d\u2019albero ad opera d\u2019arte grazie alla Linfa Materica di Piero Orlando VIDEO | Meridiana Notizie<\/a><a href=\"http:\/\/www.pierorlando.it\/wp-content\/uploads\/2013\/06\/Acquamarina31.jpg\"><br \/>\n<\/a><\/p>\n<p><a href=\"http:\/\/ilblogdinoiroma.blogspot.it\/2013\/05\/un-ceppo-dalbero-torna-vivere-grazie.html\">Noiroma : UN CEPPO D\u2019ALBERO TORNA A VIVERE GRAZIE ALLA LINFA MATERICA DELL\u2019ARTISTA PIERO ORLANDO<\/a><\/p>\n","protected":false},"excerpt":{"rendered":"<p>LINFA MATERICA nasce dall\u2019idea di offrire, attraverso la contaminazione diretta dell\u2019arte con la tecnica della pittura materica, una occasione di trasformazione, riqualificazione e valorizzazione dei ceppi di albero sparsi, quasi abbandonati a se stessi, per le strade della citt\u00e0 di Roma Capitale, di modo che la contaminazione dell\u2019arte materica possa diffondersi all\u2019esterno degli spazi chiusi, &hellip; <\/p>\n<p class=\"link-more\"><a href=\"https:\/\/www.pierorlando.it\/?page_id=76\" class=\"more-link\">Leggi tutto<span class=\"screen-reader-text\"> &#8220;Linfa Materica&#8221;<\/span><\/a><\/p>\n","protected":false},"author":1,"featured_media":0,"parent":0,"menu_order":0,"comment_status":"closed","ping_status":"open","template":"","meta":{"footnotes":""},"class_list":["post-76","page","type-page","status-publish","hentry"],"_links":{"self":[{"href":"https:\/\/www.pierorlando.it\/index.php?rest_route=\/wp\/v2\/pages\/76","targetHints":{"allow":["GET"]}}],"collection":[{"href":"https:\/\/www.pierorlando.it\/index.php?rest_route=\/wp\/v2\/pages"}],"about":[{"href":"https:\/\/www.pierorlando.it\/index.php?rest_route=\/wp\/v2\/types\/page"}],"author":[{"embeddable":true,"href":"https:\/\/www.pierorlando.it\/index.php?rest_route=\/wp\/v2\/users\/1"}],"replies":[{"embeddable":true,"href":"https:\/\/www.pierorlando.it\/index.php?rest_route=%2Fwp%2Fv2%2Fcomments&post=76"}],"version-history":[{"count":16,"href":"https:\/\/www.pierorlando.it\/index.php?rest_route=\/wp\/v2\/pages\/76\/revisions"}],"predecessor-version":[{"id":3603,"href":"https:\/\/www.pierorlando.it\/index.php?rest_route=\/wp\/v2\/pages\/76\/revisions\/3603"}],"wp:attachment":[{"href":"https:\/\/www.pierorlando.it\/index.php?rest_route=%2Fwp%2Fv2%2Fmedia&parent=76"}],"curies":[{"name":"wp","href":"https:\/\/api.w.org\/{rel}","templated":true}]}}