{"id":550,"date":"2014-12-16T05:30:13","date_gmt":"2014-12-16T05:30:13","guid":{"rendered":"http:\/\/www.pierorlando.it\/?page_id=550"},"modified":"2020-12-27T19:27:13","modified_gmt":"2020-12-27T19:27:13","slug":"arte-e-design","status":"publish","type":"page","link":"https:\/\/www.pierorlando.it\/?page_id=550","title":{"rendered":"Arte e Design"},"content":{"rendered":"<p>&nbsp;<\/p>\n<p style=\"text-align: justify;\">La contaminazione tra Arte e Design \u00e8 ispirata al&nbsp;progetto innovativo di Angelo Soldani, progettista e designer, dedicato al design e all&#8217;autoproduzione,&nbsp;<a href=\"http:\/\/www.designartigianale.it\/\">DESIGN ARTIGIANALE<\/a>, che ha stimolato l&#8217;attivit\u00e0 artistica in modo pi\u00f9 incisivo e concreto verso&nbsp;la ricerca della funzionalit\u00e0, assieme all&#8217;estetica.<\/p>\n<p style=\"text-align: justify;\">Alla spinta&nbsp;di Angelo Soldani si \u00e8 aggiunta la preziosa&nbsp;collaborazione di Guido Pastorello, Piero Traditi e Luciano Benvenuto, artigiani, falegnami, ebanisti e liutai, oltre che di Enrico Franchi, jewel designer, e cos\u00ec sono nati ArtCube e Cristalli materici, presentati in occasione dello Yacht Med Festival di Gaeta 2013 e della mostra Linfa Materica, presso l&#8217;atelier del Maestro orafo Fausto Maria Franchi.<\/p>\n","protected":false},"excerpt":{"rendered":"<p>&nbsp; La contaminazione tra Arte e Design \u00e8 ispirata al&nbsp;progetto innovativo di Angelo Soldani, progettista e designer, dedicato al design e all&#8217;autoproduzione,&nbsp;DESIGN ARTIGIANALE, che ha stimolato l&#8217;attivit\u00e0 artistica in modo pi\u00f9 incisivo e concreto verso&nbsp;la ricerca della funzionalit\u00e0, assieme all&#8217;estetica. Alla spinta&nbsp;di Angelo Soldani si \u00e8 aggiunta la preziosa&nbsp;collaborazione di Guido Pastorello, Piero Traditi e &hellip; <\/p>\n<p class=\"link-more\"><a href=\"https:\/\/www.pierorlando.it\/?page_id=550\" class=\"more-link\">Leggi tutto<span class=\"screen-reader-text\"> &#8220;Arte e Design&#8221;<\/span><\/a><\/p>\n","protected":false},"author":1,"featured_media":0,"parent":0,"menu_order":0,"comment_status":"closed","ping_status":"closed","template":"","meta":{"footnotes":""},"class_list":["post-550","page","type-page","status-publish","hentry"],"_links":{"self":[{"href":"https:\/\/www.pierorlando.it\/index.php?rest_route=\/wp\/v2\/pages\/550","targetHints":{"allow":["GET"]}}],"collection":[{"href":"https:\/\/www.pierorlando.it\/index.php?rest_route=\/wp\/v2\/pages"}],"about":[{"href":"https:\/\/www.pierorlando.it\/index.php?rest_route=\/wp\/v2\/types\/page"}],"author":[{"embeddable":true,"href":"https:\/\/www.pierorlando.it\/index.php?rest_route=\/wp\/v2\/users\/1"}],"replies":[{"embeddable":true,"href":"https:\/\/www.pierorlando.it\/index.php?rest_route=%2Fwp%2Fv2%2Fcomments&post=550"}],"version-history":[{"count":4,"href":"https:\/\/www.pierorlando.it\/index.php?rest_route=\/wp\/v2\/pages\/550\/revisions"}],"predecessor-version":[{"id":2084,"href":"https:\/\/www.pierorlando.it\/index.php?rest_route=\/wp\/v2\/pages\/550\/revisions\/2084"}],"wp:attachment":[{"href":"https:\/\/www.pierorlando.it\/index.php?rest_route=%2Fwp%2Fv2%2Fmedia&parent=550"}],"curies":[{"name":"wp","href":"https:\/\/api.w.org\/{rel}","templated":true}]}}