{"id":4029,"date":"2026-02-05T12:43:18","date_gmt":"2026-02-05T11:43:18","guid":{"rendered":"https:\/\/www.pierorlando.it\/?page_id=4029"},"modified":"2026-02-09T08:23:17","modified_gmt":"2026-02-09T07:23:17","slug":"i-teatri-di-campobasso-tra-settecento-e-ottocento","status":"publish","type":"page","link":"https:\/\/www.pierorlando.it\/?page_id=4029","title":{"rendered":"I Teatri di Campobasso tra Settecento e Ottocento"},"content":{"rendered":"\n<h2 class=\"wp-block-heading\"><\/h2>\n\n\n\n<p>Fino agli anni Settanta dell&#8217;Ottocento, il principale teatro di Campobasso era il <strong><a href=\"https:\/\/www.facebook.com\/groups\/gliscattidiunavoltacomeeravamo\/posts\/1372469489558814\/\" data-type=\"link\" data-id=\"https:\/\/www.facebook.com\/groups\/gliscattidiunavoltacomeeravamo\/posts\/1372469489558814\/\">Teatro del Genio<\/a><\/strong>, situato in Largo Fondaco della Farina. Questa zona, conosciuta anche come Contrada della Dogana Vecchia o Largo della Cappella della Farina, era storicamente un importante&nbsp;<a href=\"https:\/\/www.primonumero.it\/2017\/07\/mercato-del-grano-dogana-ristorante-allaperto-le-vite-del-fondaco-della-farina\/25330\/\">centro di commercio del grano e sede della dogana<\/a>. Intorno al 1688, una grande stalla appartenente a un palazzo nobiliare dei Carafa, poi dei Salottolo e infine dei Cannavina, fu trasformata in un teatro, segnando l\u2019inizio della vocazione culturale dell\u2019area.<\/p>\n\n\n\n<h2 class=\"wp-block-heading\"><\/h2>\n\n\n\n<figure class=\"wp-block-image\"><a href=\"https:\/\/www.pierorlando.it\/wp-content\/uploads\/2025\/07\/fondaco-della-farina.jpg\"><img loading=\"lazy\" decoding=\"async\" width=\"1024\" height=\"768\" src=\"https:\/\/www.pierorlando.it\/wp-content\/uploads\/2025\/07\/fondaco-della-farina-1024x768.jpg\" alt=\"\" class=\"wp-image-3121\" srcset=\"https:\/\/www.pierorlando.it\/wp-content\/uploads\/2025\/07\/fondaco-della-farina-1024x768.jpg 1024w, https:\/\/www.pierorlando.it\/wp-content\/uploads\/2025\/07\/fondaco-della-farina-300x225.jpg 300w, https:\/\/www.pierorlando.it\/wp-content\/uploads\/2025\/07\/fondaco-della-farina-768x576.jpg 768w, https:\/\/www.pierorlando.it\/wp-content\/uploads\/2025\/07\/fondaco-della-farina.jpg 1200w\" sizes=\"auto, (max-width: 767px) 89vw, (max-width: 1000px) 54vw, (max-width: 1071px) 543px, 580px\" \/><\/a><figcaption class=\"wp-element-caption\">Fondaco della Farina \u2013 Campobasso<\/figcaption><\/figure>\n\n\n\n<h2 class=\"wp-block-heading\"><\/h2>\n\n\n\n<p>Il Teatro del Genio visse un momento significativo il 23 settembre 1807, quando il re di Napoli, Giuseppe Bonaparte, in visita ufficiale a Campobasso e ospite di Palazzo Salottolo, assistette a una rappresentazione in suo onore.<\/p>\n\n\n\n<p>Nonostante fosse considerato un teatro confortevole, la sua limitata capienza (200 posti) spinse le autorit\u00e0 a progettare una nuova struttura, pi\u00f9 grande. Nei pressi della Chiesa della Santissima Trinit\u00e0 (dove oggi sorge il Teatro Savoia), fu costruito un edificio in legno che venne inaugurato nel 1880 con il nome di&nbsp;<strong>Teatro \u201cErennio Gammieri<\/strong>\u201c, in omaggio al musicista e compositore campobassano, che nella seconda met\u00e0 dell\u2019Ottocento ricopr\u00ec numerosi incarichi nella direzione del Teatro dell\u2019Opera Italiano di San Pietroburgo, tra cui quello di Maestro di cappella e di Maestro direttore del coro.<\/p>\n\n\n\n<h2 class=\"wp-block-heading\"><\/h2>\n\n\n\n<figure class=\"wp-block-image\"><a href=\"https:\/\/www.pierorlando.it\/wp-content\/uploads\/2026\/01\/Teatro-Gammieri-copia-2.jpg\"><img loading=\"lazy\" decoding=\"async\" width=\"1024\" height=\"648\" src=\"https:\/\/www.pierorlando.it\/wp-content\/uploads\/2026\/01\/Teatro-Gammieri-copia-2-1024x648.jpg\" alt=\"\" class=\"wp-image-3915\" srcset=\"https:\/\/www.pierorlando.it\/wp-content\/uploads\/2026\/01\/Teatro-Gammieri-copia-2-1024x648.jpg 1024w, https:\/\/www.pierorlando.it\/wp-content\/uploads\/2026\/01\/Teatro-Gammieri-copia-2-300x190.jpg 300w, https:\/\/www.pierorlando.it\/wp-content\/uploads\/2026\/01\/Teatro-Gammieri-copia-2-768x486.jpg 768w, https:\/\/www.pierorlando.it\/wp-content\/uploads\/2026\/01\/Teatro-Gammieri-copia-2.jpg 1527w\" sizes=\"auto, (max-width: 767px) 89vw, (max-width: 1000px) 54vw, (max-width: 1071px) 543px, 580px\" \/><\/a><\/figure>\n\n\n\n<figure class=\"wp-block-image\"><a href=\"https:\/\/www.pierorlando.it\/wp-content\/uploads\/2026\/01\/Screenshot-2026-01-31-alle-16.38.24.png\"><img loading=\"lazy\" decoding=\"async\" width=\"1024\" height=\"615\" src=\"https:\/\/www.pierorlando.it\/wp-content\/uploads\/2026\/01\/Screenshot-2026-01-31-alle-16.38.24-1024x615.png\" alt=\"\" class=\"wp-image-3913\" srcset=\"https:\/\/www.pierorlando.it\/wp-content\/uploads\/2026\/01\/Screenshot-2026-01-31-alle-16.38.24-1024x615.png 1024w, https:\/\/www.pierorlando.it\/wp-content\/uploads\/2026\/01\/Screenshot-2026-01-31-alle-16.38.24-300x180.png 300w, https:\/\/www.pierorlando.it\/wp-content\/uploads\/2026\/01\/Screenshot-2026-01-31-alle-16.38.24-768x462.png 768w, https:\/\/www.pierorlando.it\/wp-content\/uploads\/2026\/01\/Screenshot-2026-01-31-alle-16.38.24-1536x923.png 1536w, https:\/\/www.pierorlando.it\/wp-content\/uploads\/2026\/01\/Screenshot-2026-01-31-alle-16.38.24.png 1787w\" sizes=\"auto, (max-width: 767px) 89vw, (max-width: 1000px) 54vw, (max-width: 1071px) 543px, 580px\" \/><\/a><\/figure>\n\n\n\n<figure class=\"wp-block-image\"><a href=\"https:\/\/www.pierorlando.it\/wp-content\/uploads\/2026\/01\/22179701_2074170482600441_2453506145970097188_o-Copy.jpg\"><img loading=\"lazy\" decoding=\"async\" width=\"1023\" height=\"669\" src=\"https:\/\/www.pierorlando.it\/wp-content\/uploads\/2026\/01\/22179701_2074170482600441_2453506145970097188_o-Copy.jpg\" alt=\"\" class=\"wp-image-3918\" srcset=\"https:\/\/www.pierorlando.it\/wp-content\/uploads\/2026\/01\/22179701_2074170482600441_2453506145970097188_o-Copy.jpg 1023w, https:\/\/www.pierorlando.it\/wp-content\/uploads\/2026\/01\/22179701_2074170482600441_2453506145970097188_o-Copy-300x196.jpg 300w, https:\/\/www.pierorlando.it\/wp-content\/uploads\/2026\/01\/22179701_2074170482600441_2453506145970097188_o-Copy-768x502.jpg 768w\" sizes=\"auto, (max-width: 767px) 89vw, (max-width: 1000px) 54vw, (max-width: 1071px) 543px, 580px\" \/><\/a><\/figure>\n\n\n\n<h2 class=\"wp-block-heading\"><\/h2>\n\n\n\n<p>Tuttavia, nel 1884 un incendio lo distrusse completamente. Nel frattempo, il Teatro del Genio era stato venduto e trasformato in abitazione privata. Come ricorda Di Iorio in Campobasso, itinerari di storia e di arte, sull\u2019antico portale settecentesco al numero civico 18 \u00e8 ancora visibile una lastra marmorea con quattro borchie laterali e i fori che un tempo sorreggevano la scritta \u201cTeatro\u201d.<\/p>\n\n\n\n<p>Durante il decennio in cui rimase senza un teatro stabile, la citt\u00e0 si affid\u00f2 a strutture provvisorie: il Teatro di Variet\u00e0, allestito nel piazzale di fronte al liceo Mario Pagano; il Teatro Nazionale (o \u201c<strong>Arena Nazionale<\/strong>\u201d), vicino a Porta Mancina; e il Teatro Vittorio Emanuele, situato nell\u2019omonima piazza.<\/p>\n\n\n\n<p>Solo nel 1894 Campobasso torn\u00f2 ad avere un teatro stabile:  il&nbsp;<strong>Teatro Margherita<\/strong>, collocato nella prima espansione ottocentesca della citt\u00e0 di Campobasso, immediatamente fuori la cinta muraria medioevale, fu inaugurato il 20 novembre 1894. L\u2019edificio in legno con rivestimento a mattoni e stucchi, fu costruito su iniziativa privata, proprio sulle rovine del Teatro Gammieri. <\/p>\n\n\n\n<h2 class=\"wp-block-heading\"><\/h2>\n\n\n\n<figure class=\"wp-block-image\"><a href=\"https:\/\/www.pierorlando.it\/wp-content\/uploads\/2026\/02\/Screenshot-2026-01-31-alle-20.54.34.jpg\"><img loading=\"lazy\" decoding=\"async\" width=\"1024\" height=\"688\" src=\"https:\/\/www.pierorlando.it\/wp-content\/uploads\/2026\/02\/Screenshot-2026-01-31-alle-20.54.34-1024x688.jpg\" alt=\"\" class=\"wp-image-3930\" srcset=\"https:\/\/www.pierorlando.it\/wp-content\/uploads\/2026\/02\/Screenshot-2026-01-31-alle-20.54.34-1024x688.jpg 1024w, https:\/\/www.pierorlando.it\/wp-content\/uploads\/2026\/02\/Screenshot-2026-01-31-alle-20.54.34-300x202.jpg 300w, https:\/\/www.pierorlando.it\/wp-content\/uploads\/2026\/02\/Screenshot-2026-01-31-alle-20.54.34-768x516.jpg 768w, https:\/\/www.pierorlando.it\/wp-content\/uploads\/2026\/02\/Screenshot-2026-01-31-alle-20.54.34-1536x1032.jpg 1536w, https:\/\/www.pierorlando.it\/wp-content\/uploads\/2026\/02\/Screenshot-2026-01-31-alle-20.54.34-2048x1376.jpg 2048w\" sizes=\"auto, (max-width: 767px) 89vw, (max-width: 1000px) 54vw, (max-width: 1071px) 543px, 580px\" \/><\/a><\/figure>\n\n\n\n<h2 class=\"wp-block-heading\"><\/h2>\n\n\n\n<p>Sullo stesso suolo concesso gratuitamente dal Comune di campobasso fu costruito il <strong>Teatro Sociale<\/strong>, inaugurato il 3 aprile 1926 con la rappresentazione della Tosca. Al suo interno gli affreschi di Arnaldo de Lisio di Castelbottaccio, le vetrate dalla ditta Giovanni Vincenzo e figli di Baranello, i lavori in ferro battuto della famiglia Tucci di Campobasso. <\/p>\n\n\n\n<p>Divenuto di propriet\u00e0 di Raffaele Colitti, mut\u00f2 ancora una volta la denominazione in\u00a0<strong><a href=\"https:\/\/www.youtube.com\/watch?v=Qihhw4Df8Ps\" data-type=\"link\" data-id=\"https:\/\/www.youtube.com\/watch?v=Qihhw4Df8Ps\">Teatro Savoia<\/a><\/strong>, del quale \u00e8 possibile scoprire storie a segreti in una interessante puntata di Telemolise.<\/p>\n\n\n\n<h2 class=\"wp-block-heading\"><\/h2>\n\n\n\n<figure class=\"wp-block-image size-full\"><a href=\"https:\/\/www.pierorlando.it\/wp-content\/uploads\/2026\/02\/s-l1600-3-copia.jpg\"><img loading=\"lazy\" decoding=\"async\" width=\"1000\" height=\"673\" src=\"https:\/\/www.pierorlando.it\/wp-content\/uploads\/2026\/02\/s-l1600-3-copia.jpg\" alt=\"\" class=\"wp-image-4246\" srcset=\"https:\/\/www.pierorlando.it\/wp-content\/uploads\/2026\/02\/s-l1600-3-copia.jpg 1000w, https:\/\/www.pierorlando.it\/wp-content\/uploads\/2026\/02\/s-l1600-3-copia-300x202.jpg 300w, https:\/\/www.pierorlando.it\/wp-content\/uploads\/2026\/02\/s-l1600-3-copia-768x517.jpg 768w\" sizes=\"auto, (max-width: 767px) 89vw, (max-width: 1000px) 54vw, (max-width: 1071px) 543px, 580px\" \/><\/a><\/figure>\n\n\n\n<figure class=\"wp-block-image\"><a href=\"https:\/\/www.pierorlando.it\/wp-content\/uploads\/2026\/02\/s-l1600-20.webp\"><img loading=\"lazy\" decoding=\"async\" width=\"1024\" height=\"646\" src=\"https:\/\/www.pierorlando.it\/wp-content\/uploads\/2026\/02\/s-l1600-20-1024x646.webp\" alt=\"\" class=\"wp-image-3931\" srcset=\"https:\/\/www.pierorlando.it\/wp-content\/uploads\/2026\/02\/s-l1600-20-1024x646.webp 1024w, https:\/\/www.pierorlando.it\/wp-content\/uploads\/2026\/02\/s-l1600-20-300x189.webp 300w, https:\/\/www.pierorlando.it\/wp-content\/uploads\/2026\/02\/s-l1600-20-768x484.webp 768w, https:\/\/www.pierorlando.it\/wp-content\/uploads\/2026\/02\/s-l1600-20-1536x969.webp 1536w, https:\/\/www.pierorlando.it\/wp-content\/uploads\/2026\/02\/s-l1600-20.webp 1600w\" sizes=\"auto, (max-width: 767px) 89vw, (max-width: 1000px) 54vw, (max-width: 1071px) 543px, 580px\" \/><\/a><\/figure>\n\n\n\n<figure class=\"wp-block-image\"><a href=\"https:\/\/www.pierorlando.it\/wp-content\/uploads\/2026\/01\/s-l1600-16.webp\"><img loading=\"lazy\" decoding=\"async\" width=\"1024\" height=\"712\" src=\"https:\/\/www.pierorlando.it\/wp-content\/uploads\/2026\/01\/s-l1600-16-1024x712.webp\" alt=\"\" class=\"wp-image-3921\" srcset=\"https:\/\/www.pierorlando.it\/wp-content\/uploads\/2026\/01\/s-l1600-16-1024x712.webp 1024w, https:\/\/www.pierorlando.it\/wp-content\/uploads\/2026\/01\/s-l1600-16-300x209.webp 300w, https:\/\/www.pierorlando.it\/wp-content\/uploads\/2026\/01\/s-l1600-16-768x534.webp 768w, https:\/\/www.pierorlando.it\/wp-content\/uploads\/2026\/01\/s-l1600-16-1536x1068.webp 1536w, https:\/\/www.pierorlando.it\/wp-content\/uploads\/2026\/01\/s-l1600-16.webp 1600w\" sizes=\"auto, (max-width: 767px) 89vw, (max-width: 1000px) 54vw, (max-width: 1071px) 543px, 580px\" \/><\/a><\/figure>\n\n\n\n<figure class=\"wp-block-image\"><a href=\"https:\/\/www.pierorlando.it\/wp-content\/uploads\/2026\/02\/Teatro-Savoia-3.jpg\"><img loading=\"lazy\" decoding=\"async\" width=\"1024\" height=\"714\" src=\"https:\/\/www.pierorlando.it\/wp-content\/uploads\/2026\/02\/Teatro-Savoia-3-1024x714.jpg\" alt=\"\" class=\"wp-image-3937\" srcset=\"https:\/\/www.pierorlando.it\/wp-content\/uploads\/2026\/02\/Teatro-Savoia-3-1024x714.jpg 1024w, https:\/\/www.pierorlando.it\/wp-content\/uploads\/2026\/02\/Teatro-Savoia-3-300x209.jpg 300w, https:\/\/www.pierorlando.it\/wp-content\/uploads\/2026\/02\/Teatro-Savoia-3-768x535.jpg 768w, https:\/\/www.pierorlando.it\/wp-content\/uploads\/2026\/02\/Teatro-Savoia-3-1536x1071.jpg 1536w, https:\/\/www.pierorlando.it\/wp-content\/uploads\/2026\/02\/Teatro-Savoia-3.jpg 1733w\" sizes=\"auto, (max-width: 767px) 89vw, (max-width: 1000px) 54vw, (max-width: 1071px) 543px, 580px\" \/><\/a><\/figure>\n\n\n\n<h2 class=\"wp-block-heading\"><\/h2>\n\n\n\n<p><strong>Bibliografia<\/strong><\/p>\n\n\n\n<p>Gianbattista Masciotta, <em>Il Molise dalle origini ai nostri giorni<\/em>, Vol. II, p. 426, nota 120, Campobasso 1915.<\/p>\n\n\n\n<p>Vincenzo Eduardo Gasdia, <em>Storia di Campobasso, <\/em>Volume III, Tomo II Ottocento, Campobasso 1960-2017, pp. 485-486.<\/p>\n\n\n\n<p>Eduardo Di Iorio, <em>Campobasso, itinerari di storia e di arte, <\/em>Arti grafiche la Regione, Campobasso 1977.<\/p>\n\n\n\n<p>Francesco Manfredi Selvaggi, <em>Campobasso, societ\u00e0 e sviluppo urbano nel 19\u00b0 secolo,<\/em> Casa molisana del libro editrice, Campobasso 1981.<\/p>\n\n\n\n<p>Renato Lalli, Norberto Lombardi, Giorgio Palmieri, <em>Campobasso capoluogo del Molise<\/em>, Vol I, Palladino editore, Campobasso 2008.<\/p>\n\n\n\n<p>Anna Intrevado, <em>I Teatri molisani, <\/em>in Pagine novecento molisano, a cura di Pina Mafodda, Volume II, Campobasso 2018, pp. 259-260.<\/p>\n\n\n\n<p><\/p>\n","protected":false},"excerpt":{"rendered":"<p>Fino agli anni Settanta dell&#8217;Ottocento, il principale teatro di Campobasso era il Teatro del Genio, situato in Largo Fondaco della Farina. Questa zona, conosciuta anche come Contrada della Dogana Vecchia o Largo della Cappella della Farina, era storicamente un importante&nbsp;centro di commercio del grano e sede della dogana. Intorno al 1688, una grande stalla appartenente &hellip; <\/p>\n<p class=\"link-more\"><a href=\"https:\/\/www.pierorlando.it\/?page_id=4029\" class=\"more-link\">Leggi tutto<span class=\"screen-reader-text\"> &#8220;I Teatri di Campobasso tra Settecento e Ottocento&#8221;<\/span><\/a><\/p>\n","protected":false},"author":1,"featured_media":0,"parent":0,"menu_order":0,"comment_status":"closed","ping_status":"closed","template":"","meta":{"footnotes":""},"class_list":["post-4029","page","type-page","status-publish","hentry"],"_links":{"self":[{"href":"https:\/\/www.pierorlando.it\/index.php?rest_route=\/wp\/v2\/pages\/4029","targetHints":{"allow":["GET"]}}],"collection":[{"href":"https:\/\/www.pierorlando.it\/index.php?rest_route=\/wp\/v2\/pages"}],"about":[{"href":"https:\/\/www.pierorlando.it\/index.php?rest_route=\/wp\/v2\/types\/page"}],"author":[{"embeddable":true,"href":"https:\/\/www.pierorlando.it\/index.php?rest_route=\/wp\/v2\/users\/1"}],"replies":[{"embeddable":true,"href":"https:\/\/www.pierorlando.it\/index.php?rest_route=%2Fwp%2Fv2%2Fcomments&post=4029"}],"version-history":[{"count":12,"href":"https:\/\/www.pierorlando.it\/index.php?rest_route=\/wp\/v2\/pages\/4029\/revisions"}],"predecessor-version":[{"id":4259,"href":"https:\/\/www.pierorlando.it\/index.php?rest_route=\/wp\/v2\/pages\/4029\/revisions\/4259"}],"wp:attachment":[{"href":"https:\/\/www.pierorlando.it\/index.php?rest_route=%2Fwp%2Fv2%2Fmedia&parent=4029"}],"curies":[{"name":"wp","href":"https:\/\/api.w.org\/{rel}","templated":true}]}}