{"id":2741,"date":"2025-06-17T12:45:14","date_gmt":"2025-06-17T10:45:14","guid":{"rendered":"https:\/\/www.pierorlando.it\/?page_id=2741"},"modified":"2025-06-18T17:39:42","modified_gmt":"2025-06-18T15:39:42","slug":"esposizioni-e-mostre","status":"publish","type":"page","link":"https:\/\/www.pierorlando.it\/?page_id=2741","title":{"rendered":"Mostre"},"content":{"rendered":"\n<h2 class=\"wp-block-heading\"><\/h2>\n\n\n\n<p>Un lungo percorso artistico, intenso e variegato, segnato da alcune tappe importanti come la Biennale di Venezia, la Biennale di Genova e la mostra personale permanente presso la Farnesina a Roma, finch\u00e9 l&#8217;artista non ha deciso di creare un&#8217;opera trasportabile, per avere la sua arte sempre con s\u00e9, arte al seguito, in giro per il mondo, in ogni luogo, dentro e fuori i luoghi dell&#8217;Arte: ed ecco che \u00e8 nata <strong>Adaptive Surf<\/strong>, la <strong>Tavola di Piero<\/strong>.<\/p>\n\n\n\n<h2 class=\"wp-block-heading\"><\/h2>\n\n\n\n<figure class=\"wp-block-image size-full\"><a href=\"http:\/\/www.pierorlando.it\/wp-content\/uploads\/2025\/06\/92529589-024e-4597-87c0-a53adbf8b71d.jpg\"><img loading=\"lazy\" decoding=\"async\" width=\"640\" height=\"960\" src=\"http:\/\/www.pierorlando.it\/wp-content\/uploads\/2025\/06\/92529589-024e-4597-87c0-a53adbf8b71d.jpg\" alt=\"\" class=\"wp-image-2598\" srcset=\"https:\/\/www.pierorlando.it\/wp-content\/uploads\/2025\/06\/92529589-024e-4597-87c0-a53adbf8b71d.jpg 640w, https:\/\/www.pierorlando.it\/wp-content\/uploads\/2025\/06\/92529589-024e-4597-87c0-a53adbf8b71d-200x300.jpg 200w\" sizes=\"auto, (max-width: 640px) 100vw, 640px\" \/><\/a><\/figure>\n","protected":false},"excerpt":{"rendered":"<p>Un lungo percorso artistico, intenso e variegato, segnato da alcune tappe importanti come la Biennale di Venezia, la Biennale di Genova e la mostra personale permanente presso la Farnesina a Roma, finch\u00e9 l&#8217;artista non ha deciso di creare un&#8217;opera trasportabile, per avere la sua arte sempre con s\u00e9, arte al seguito, in giro per il &hellip; <\/p>\n<p class=\"link-more\"><a href=\"https:\/\/www.pierorlando.it\/?page_id=2741\" class=\"more-link\">Leggi tutto<span class=\"screen-reader-text\"> &#8220;Mostre&#8221;<\/span><\/a><\/p>\n","protected":false},"author":1,"featured_media":0,"parent":0,"menu_order":0,"comment_status":"closed","ping_status":"closed","template":"","meta":{"footnotes":""},"class_list":["post-2741","page","type-page","status-publish","hentry"],"_links":{"self":[{"href":"https:\/\/www.pierorlando.it\/index.php?rest_route=\/wp\/v2\/pages\/2741","targetHints":{"allow":["GET"]}}],"collection":[{"href":"https:\/\/www.pierorlando.it\/index.php?rest_route=\/wp\/v2\/pages"}],"about":[{"href":"https:\/\/www.pierorlando.it\/index.php?rest_route=\/wp\/v2\/types\/page"}],"author":[{"embeddable":true,"href":"https:\/\/www.pierorlando.it\/index.php?rest_route=\/wp\/v2\/users\/1"}],"replies":[{"embeddable":true,"href":"https:\/\/www.pierorlando.it\/index.php?rest_route=%2Fwp%2Fv2%2Fcomments&post=2741"}],"version-history":[{"count":6,"href":"https:\/\/www.pierorlando.it\/index.php?rest_route=\/wp\/v2\/pages\/2741\/revisions"}],"predecessor-version":[{"id":2859,"href":"https:\/\/www.pierorlando.it\/index.php?rest_route=\/wp\/v2\/pages\/2741\/revisions\/2859"}],"wp:attachment":[{"href":"https:\/\/www.pierorlando.it\/index.php?rest_route=%2Fwp%2Fv2%2Fmedia&parent=2741"}],"curies":[{"name":"wp","href":"https:\/\/api.w.org\/{rel}","templated":true}]}}